{"id":900,"date":"2017-11-14T22:05:29","date_gmt":"2017-11-14T15:05:29","guid":{"rendered":"https:\/\/modest-copper-lynx.50-6-231-22.cpanel.site\/?page_id=900"},"modified":"2017-12-05T22:09:34","modified_gmt":"2017-12-05T15:09:34","slug":"nha-khoa-tham-my","status":"publish","type":"page","link":"https:\/\/nhakhoathienbao.com\/?page_id=900","title":{"rendered":"Nha Khoa Th\u1ea9m M\u1ef9"},"content":{"rendered":"<p>\t\t\t\t<a href=\"\/nha-khoa-tham-my\/mat-dan-su-veneer\/\" target=\"_self\"itemprop=\"url\"><br \/>\n\t\t\t\t<img loading=\"lazy\" decoding=\"async\" src=\"https:\/\/nhakhoathienbao.com\/wp-content\/uploads\/2017\/10\/Dental-veneers.jpg\" alt=\"Dental-veneers\" itemprop=\"image\" height=\"705\" width=\"939\"  \/><br \/>\n\t\t\t\t<\/a><\/p>\n<h3><a href=\"\/nha-khoa-tham-my\/mat-dan-su-veneer\/\" target=\"_self\">M\u1eb7t d\u00e1n s\u1ee9 Veneer<\/a><\/h3>\n<p>Veneer-laminate l\u00e0 nh\u1eefng m\u1ea3nh s\u1ee9, Composite ho\u1eb7c nh\u1ef1a \u0111\u01b0\u1ee3c d\u00e1n l\u00ean m\u1eb7t ngo\u00e0i c\u1ee7a r\u0103ng \u0111\u1ec3 t\u00e1i t\u1ea1o l\u1ea1i h\u00ecnh d\u1ea1ng v\u00e0 m\u00e0u s\u1eafc c\u1ee7a r\u0103ng nh\u01b0 mong mu\u1ed1n<\/p>\n<p><a href=\"\/nha-khoa-tham-my\/mat-dan-su-veneer\/\" target=\"_self\">Chi ti\u1ebft<\/a><br \/>\n\t\t\t\t<a href=\"\/phuc-hinh-tham-my\/\" target=\"_self\"itemprop=\"url\"><br \/>\n\t\t\t\t<img loading=\"lazy\" decoding=\"async\" src=\"https:\/\/nhakhoathienbao.com\/wp-content\/uploads\/2017\/10\/NhaKhoaThienBao-Aesthetic-Restoration-05.jpg\" alt=\"NhaKhoaThienBao-Aesthetic-Restoration-05\" itemprop=\"image\" height=\"153\" width=\"200\"  \/><br \/>\n\t\t\t\t<\/a><\/p>\n<h3><a href=\"\/phuc-hinh-tham-my\/\" target=\"_self\">Ph\u1ee5c H\u00ecnh Th\u1ea9m M\u1ef9<\/a><\/h3>\n<p>M\u1ea5t r\u0103ng l\u00e0 m\u1ed9t trong nh\u1eefng v\u1ea5n \u0111\u1ec1 \u1ea3nh h\u01b0\u1edfng nghi\u00eam tr\u1ecdng \u0111\u1ebfn t\u00ecnh tr\u1ea1ng s\u1ee9c kh\u1ecfe r\u0103ng mi\u1ec7ng, v\u00e0 l\u00e0m gi\u1ea3m \u0111i n\u00e9t \u0111\u1eb9p tr\u00ean khu\u00f4n m\u1eb7t. Khi m\u1ed9t ho\u1eb7c nhi\u1ec1u r\u0103ng b\u1ecb m\u1ea5t \u0111i d\u1eabn \u0111\u1ebfn nh\u1eefng r\u0103ng c\u00f2n l\u1ea1i c\u00f3 khuynh h\u01b0\u1edbng m\u1ecdc l\u1ec7ch l\u1ea1c.<\/p>\n<p><a href=\"\/phuc-hinh-tham-my\/\" target=\"_self\">Chi ti\u1ebft<\/a><br \/>\n\t\t\t\t<a href=\"\/nha-khoa-tham-my\/chinh-nha\/\" target=\"_self\"itemprop=\"url\"><br \/>\n\t\t\t\t<img loading=\"lazy\" decoding=\"async\" src=\"https:\/\/nhakhoathienbao.com\/wp-content\/uploads\/2017\/10\/Othodontic-509x382.jpg\" alt=\"Othodontic -509x382\" itemprop=\"image\" height=\"667\" width=\"888\"  \/><br \/>\n\t\t\t\t<\/a><\/p>\n<h3><a href=\"\/nha-khoa-tham-my\/chinh-nha\/\" target=\"_self\">Ch\u1ec9nh Nha<\/a><\/h3>\n<p>Ch\u1ec9nh h\u00ecnh r\u0103ng m\u1eb7t hay c\u00f2n g\u1ecdi l\u00e0 ch\u1ec9nh nha &#8211; gi\u00fap s\u1eafp x\u1ebfp c\u00e1c r\u0103ng ngay ng\u1eafn v\u00e0 \u0111\u1ec1u \u0111\u1eb7n \u0111\u1ec3 c\u1ea3i thi\u1ec7n v\u1ec1 ph\u01b0\u01a1ng di\u1ec7n th\u1ea9m m\u1ef9<\/p>\n<p><a href=\"\/nha-khoa-tham-my\/chinh-nha\/\" target=\"_self\">Chi ti\u1ebft<\/a><br \/>\n\t\t\t\t<a href=\"\/nha-khoa-tham-my\/tram-rang-tham-my\/\" target=\"_self\"itemprop=\"url\"><br \/>\n\t\t\t\t<img loading=\"lazy\" decoding=\"async\" src=\"https:\/\/nhakhoathienbao.com\/wp-content\/uploads\/2017\/10\/Nha-Khoa-Thien-Bao-Inlay-Onlay-and-Dental-Crown-04.jpg\" alt=\"Nha-Khoa-Thien-Bao-Inlay-Onlay-and-Dental-Crown-04\" itemprop=\"image\" height=\"214\" width=\"212\"  \/><br \/>\n\t\t\t\t<\/a><\/p>\n<h3><a href=\"\/nha-khoa-tham-my\/tram-rang-tham-my\/\" target=\"_self\">Tr\u00e1m R\u0103ng Th\u1ea9m M\u1ef9<\/a><\/h3>\n<p>\u0110\u1ec3 \u0111i\u1ec1u tr\u1ecb m\u1ed9t c\u00e1i r\u0103ng b\u1ecb s\u00e2u, Nha S\u0129 s\u1ebd l\u00e0m s\u1ea1ch r\u0103ng v\u00e0 l\u1ea5y \u0111i nh\u1eefng th\u00e0nh ph\u1ea7n b\u1ecb h\u01b0 h\u1ecfng c\u1ee7a r\u0103ng, sau \u0111\u00f3 s\u1ebd d\u00f9ng m\u1ed9t lo\u1ea1i ch\u1ea5t li\u1ec7u chuy\u00ean d\u00f9ng \u0111\u1ec3 tr\u00e1m<\/p>\n<p><a href=\"\/nha-khoa-tham-my\/tram-rang-tham-my\/\" target=\"_self\">Chi ti\u1ebft<\/a><br \/>\n\t\t\t\t<a href=\"\/nha-khoa-tham-my\/tram-rang-tham-my\/\" target=\"_self\"itemprop=\"url\"><br \/>\n\t\t\t\t<img loading=\"lazy\" decoding=\"async\" src=\"https:\/\/nhakhoathienbao.com\/wp-content\/uploads\/2017\/11\/Nha-Khoa-Thien-Bao-Clinic-Picture-Stream-01-300x289.png\" alt=\"Nha-Khoa-Thien-Bao-Clinic-Picture-Stream-01\" itemprop=\"image\" height=\"289\" width=\"300\"  \/><br \/>\n\t\t\t\t<\/a><\/p>\n<h3><a href=\"\/nha-khoa-tham-my\/tram-rang-tham-my\/\" target=\"_self\">Ph\u1eabu Thu\u1eadt T\u1ea1o H\u00ecnh N\u01b0\u1edbu Th\u1ea9m M\u1ef9<\/a><\/h3>\n<p>M\u1ed9t n\u1ee5 c\u01b0\u1eddi \u0111\u1eb9p kh\u00f4ng th\u1ec3 thi\u00ea\u0301u ve\u0309 \u0111e\u0323p cu\u0309a n\u01b0\u01a1\u0301u r\u0103ng. N\u01b0\u01a1\u0301u r\u0103ng s\u0103n ch\u0103\u0301c m\u00e0u h\u00f4\u0300ng t\u01b0\u01a1i \u00f4m \u0111\u00ea\u0300u quanh vi\u00ea\u0300n c\u00f4\u0309 r\u0103ng c\u1ee7a ba\u0323n<\/p>\n<p><a href=\"\/nha-khoa-tham-my\/tram-rang-tham-my\/\" target=\"_self\">Chi ti\u1ebft<\/a>\t\t <\/p>\n<p><\/p>","protected":false},"excerpt":{"rendered":"<p>M\u1eb7t d\u00e1n s\u1ee9 Veneer Veneer-laminate l\u00e0 nh\u1eefng m\u1ea3nh s\u1ee9, Composite ho\u1eb7c nh\u1ef1a \u0111\u01b0\u1ee3c d\u00e1n l\u00ean m\u1eb7t ngo\u00e0i c\u1ee7a r\u0103ng \u0111\u1ec3 t\u00e1i t\u1ea1o [&hellip;]<\/p>\n","protected":false},"author":2,"featured_media":0,"parent":0,"menu_order":0,"comment_status":"closed","ping_status":"closed","template":"page-templates\/page_fullwidth.php","meta":{"footnotes":""},"class_list":["post-900","page","type-page","status-publish","hentry"],"_links":{"self":[{"href":"https:\/\/nhakhoathienbao.com\/index.php?rest_route=\/wp\/v2\/pages\/900","targetHints":{"allow":["GET"]}}],"collection":[{"href":"https:\/\/nhakhoathienbao.com\/index.php?rest_route=\/wp\/v2\/pages"}],"about":[{"href":"https:\/\/nhakhoathienbao.com\/index.php?rest_route=\/wp\/v2\/types\/page"}],"author":[{"embeddable":true,"href":"https:\/\/nhakhoathienbao.com\/index.php?rest_route=\/wp\/v2\/users\/2"}],"replies":[{"embeddable":true,"href":"https:\/\/nhakhoathienbao.com\/index.php?rest_route=%2Fwp%2Fv2%2Fcomments&post=900"}],"version-history":[{"count":0,"href":"https:\/\/nhakhoathienbao.com\/index.php?rest_route=\/wp\/v2\/pages\/900\/revisions"}],"wp:attachment":[{"href":"https:\/\/nhakhoathienbao.com\/index.php?rest_route=%2Fwp%2Fv2%2Fmedia&parent=900"}],"curies":[{"name":"wp","href":"https:\/\/api.w.org\/{rel}","templated":true}]}}