{"id":537,"date":"2017-10-21T23:40:48","date_gmt":"2017-10-21T16:40:48","guid":{"rendered":"https:\/\/modest-copper-lynx.50-6-231-22.cpanel.site\/?page_id=537"},"modified":"2017-12-07T21:43:29","modified_gmt":"2017-12-07T14:43:29","slug":"tram-rang-tham-my","status":"publish","type":"page","link":"https:\/\/nhakhoathienbao.com\/?page_id=537","title":{"rendered":"Tr\u00e1m R\u0103ng Th\u1ea9m M\u1ef9"},"content":{"rendered":"<h3>\n\t\tTr\u00e1m R\u0103ng Th\u1ea9m M\u1ef9<br \/>\n\t<\/h3>\n<p>\u0110\u1ec3 \u0111i\u1ec1u tr\u1ecb m\u1ed9t c\u00e1i r\u0103ng b\u1ecb s\u00e2u, Nha S\u0129 s\u1ebd l\u00e0m s\u1ea1ch r\u0103ng v\u00e0 l\u1ea5y \u0111i nh\u1eefng th\u00e0nh ph\u1ea7n b\u1ecb h\u01b0 h\u1ecfng c\u1ee7a r\u0103ng, sau \u0111\u00f3 s\u1ebd d\u00f9ng m\u1ed9t lo\u1ea1i ch\u1ea5t li\u1ec7u chuy\u00ean d\u00f9ng \u0111\u1ec3 tr\u00e1m r\u0103ng v\u00e0 tr\u00e1m b\u00edt h\u1ed1 r\u00e3nh s\u00e2u r\u0103ng.<\/p>\n<p>Ngo\u00e0i ra tr\u00e1m r\u0103ng c\u00f2n \u0111\u01b0\u1ee3c d\u00f9ng trong tr\u01b0\u1eddng h\u1ee3p r\u0103ng b\u1ecb n\u1ee9t ho\u1eb7c v\u1ee1 v\u00e0 nh\u1eefng tr\u01b0\u1eddng h\u1ee3p r\u0103ng b\u1ecb m\u00f2n do s\u1eed d\u1ee5ng sai nh\u01b0 c\u1eafn m\u00f3ng tay hay nh\u1eefng tr\u01b0\u1eddng h\u1ee3p m\u00f2n r\u0103ng do nghi\u1ebfn.<\/p>\n<p>\t\t\t\t<a href=\"https:\/\/nhakhoathienbao.com\/wp-content\/uploads\/2017\/10\/NhaKhoaThienBao-Dental-Fillings-021.png\" target=\"_self\"itemprop=\"url\"><br \/>\n\t\t\t\t<img loading=\"lazy\" decoding=\"async\" src=\"https:\/\/nhakhoathienbao.com\/wp-content\/uploads\/2017\/10\/NhaKhoaThienBao-Dental-Fillings-021.png\" alt=\"NhaKhoaThienBao-Dental-Fillings-021\" itemprop=\"image\" height=\"720\" width=\"1200\"  \/><br \/>\n\t\t\t\t<\/a><\/p>\n<p>T\u00f9y theo v\u1ecb tr\u00ed, s\u1ee9c ch\u1ecbu l\u1ef1c nhai c\u1ee7a r\u0103ng m\u00e0 nha s\u0129 s\u1ebd khuy\u00ean b\u1ea1n n\u00ean ch\u1ecdn ph\u01b0\u01a1ng ph\u00e1p tr\u00e1m th\u1ea9m m\u1ef9 n\u00e0o C\u00e1c lo\u1ea1i tr\u00e1m th\u1ea9m m\u1ef9<\/p>\n<h3>Tr\u00e1m th\u1ea9m m\u1ef9 Composite<\/h3>\n<p>V\u1edbi cu\u1ed9c s\u1ed1ng hi\u1ec7n \u0111\u1ea1i ng\u00e0y nay, nhu c\u1ea7u l\u00e0m \u0111\u1eb9p ng\u00e0y m\u1ed9t n\u00e2ng cao, nhu c\u1ea7u ch\u0103m s\u00f3c r\u0103ng mi\u1ec7ng c\u0169ng theo \u0111\u00f3 ph\u00e1t tri\u1ec3n h\u01a1n. Tr\u00e1m r\u0103ng th\u1ea9m m\u1ef9 l\u00e0 m\u1ed9t b\u01b0\u1edbc ti\u1ebfn l\u1edbn, kh\u00f4ng c\u1ea7n ph\u1ea3i lo l\u1eafng v\u1ebft tr\u00e1m kh\u00f4ng tr\u00f9ng v\u1edbi m\u00e0u r\u0103ng nh\u01b0 h\u00ecnh th\u1ee9c tr\u00e1m r\u0103ng truy\u1ec1n th\u1ed1ng. Tr\u00e1m th\u1ea9m m\u1ef9 gi\u00fap cho ch\u00fang ta c\u00f3 n\u1ee5 c\u01b0\u1eddi t\u01b0\u01a1i v\u00e0 t\u1ef1 tin h\u01a1n.<\/p>\n<p>\t\t\t\t<img loading=\"lazy\" decoding=\"async\" src=\"https:\/\/nhakhoathienbao.com\/wp-content\/uploads\/2017\/10\/NhaKhoaThienBao-Dental-Fillings-06.jpg\" alt=\"NhaKhoaThienBao-Dental-Fillings-06\" itemprop=\"image\" height=\"297\" width=\"528\"  \/><\/p>\n<p>Tr\u00e1m r\u0103ng th\u1ea9m m\u1ef9 c\u00f9ng m\u00e0u v\u1edbi m\u00e0u r\u0103ng, r\u0103ng tr\u00f4ng th\u1eadt t\u1ef1 nhi\u00ean ngay sau khi \u0111\u01b0\u1ee3c t\u00e1i t\u1ea1o. Ph\u01b0\u01a1ng ph\u00e1p n\u00e0y th\u01b0\u1eddng ch\u1ec9 c\u1ea7n m\u1ed9t l\u1ea7n h\u1eb9n v\u00e0 k\u1ebft qu\u1ea3 c\u00f3 th\u1ec3 gi\u1eef \u0111\u01b0\u1ee3c trong nhi\u1ec1u n\u0103m.<\/p>\n<p>\t\t\t\t<img loading=\"lazy\" decoding=\"async\" src=\"https:\/\/nhakhoathienbao.com\/wp-content\/uploads\/2017\/10\/NhaKhoaThienBao-Dental-Fillings-04-273x300.jpg\" alt=\"NhaKhoaThienBao-Dental-Fillings-04\" itemprop=\"image\" height=\"300\" width=\"273\"  \/><\/p>\n<h3>Tr\u00e1m Amalgam<\/h3>\n<p>Amalgam m\u1ed9t ch\u1ea5t li\u1ec7u tr\u00e1m quen thu\u1ed9c t\u1ed3n t\u1ea1i t\u1eeb x\u01b0a v\u00e0 v\u1eabn \u01b0a chu\u1ed9ng \u0111\u1ebfn nay, t\u00f9y v\u00e0o v\u1ecb tr\u00ed v\u00e0 s\u1ee9c ch\u1ecbu l\u1ef1c nhai c\u1ee7a r\u0103ng m\u00e0 Nha S\u0129 s\u1ebd khuy\u00ean b\u1ea1n n\u00ean tr\u00e1m lo\u1ea1i n\u00e0y, Amalgam m\u1ed9t ch\u1ea5t li\u1ec7u tr\u00e1m c\u00f3 \u0111\u1ed9 b\u1ec1n cao v\u00e0 t\u1ed3n t\u1ea1i l\u00e2u theo th\u1eddi gian. Nh\u01b0ng nh\u01b0\u1ee3c \u0111i\u1ec3m c\u1ee7a lo\u1ea1i tr\u00e1m n\u00e0y l\u00e0 kh\u00f4ng c\u00f3 t\u00ednh th\u1ea9m m\u1ef9 cao, n\u00ean ng\u00e0y nay tr\u00e1m b\u1eb1ng ch\u1ea5t li\u1ec7u Compostie \u0111ang \u0111\u01b0\u1ee3c d\u1ea7n thay th\u1ebf.<\/p>\n<h3>Ti\u1ebfn tr\u00ecnh tr\u00e1m r\u0103ng<\/h3>\n<p>Th\u00f4ng th\u01b0\u1eddng khi tr\u00e1m r\u0103ng th\u00ec kh\u00f4ng d\u00f9ng thu\u1ed1c t\u00ea, ch\u1ec9 t\u00f9y v\u00e0o m\u1ed9t v\u00e0i tr\u01b0\u1eddng h\u1ee3p \u0111\u1eb7t bi\u1ec7t m\u00e0 Nha S\u0129 s\u1ebd d\u00f9ng thu\u1ed1c t\u00ea \u0111\u1ec3 h\u1ea1n ch\u1ebf \u00ea bu\u1ed1t khi tr\u00e1m<\/p>\n<p>\t\t\t\t<img loading=\"lazy\" decoding=\"async\" src=\"https:\/\/nhakhoathienbao.com\/wp-content\/uploads\/2017\/10\/NhaKhoaThienBao-Dental-Fillings-01-300x200.jpg\" alt=\"NhaKhoaThienBao-Dental-Fillings-01\" itemprop=\"image\" height=\"200\" width=\"300\"  \/><\/p>\n<p>Tr\u01b0\u1edbc ti\u00ean Nha S\u0129 s\u1ebd khoan v\u00e0o v\u1ecb tr\u00ed r\u0103ng b\u1ecb s\u00e2u v\u00e0 lo\u1ea1i b\u1ecf khu v\u1ef1c b\u1ecb h\u01b0 h\u1ecfng. Sau \u0111\u00f3 s\u1ebd l\u00e0m s\u1ea1ch v\u00e0 l\u00e0m kh\u00f4 khu v\u1ef1c c\u1ea7n tr\u00e1m, trong tr\u01b0\u1eddng h\u1ee3p r\u0103ng b\u1ecb s\u00e2u g\u1ea7n t\u1ee7y th\u00ec c\u1ea7n ph\u1ea3i s\u1eed d\u1ee5ng lo\u1ea1i che t\u1ee7y \u0111\u1eb7c bi\u1ec7t tr\u01b0\u1edbc khi tr\u00e1m r\u0103ng. B\u01b0\u1edbc cu\u1ed1i c\u00f9ng, Nha S\u0129 s\u1ebd ch\u1ecdn lo\u1ea1i Composite, m\u1ed9t lo\u1ea1i chuy\u00ean d\u00f9ng cho tr\u00e1m r\u0103ng, l\u1ef1a ch\u1ecdn m\u00e0u sao cho ph\u00f9 h\u1ee3p v\u1edbi m\u00e0u s\u1eafc r\u0103ng c\u1ee7a b\u1ea1n k\u1ebft h\u1ee3p d\u00f9ng m\u1ed9t lo\u1ea1i \u0111\u00e8n chi\u1ebfu \u0111\u1eb7c bi\u1ec7t \u0111\u1ec3 l\u00e0m c\u1ee9ng v\u1eadt li\u1ec7u tr\u00e1m, sau \u0111\u00f3 s\u1ebd m\u00e0i, ch\u1ec9nh kh\u1edbp c\u1eafn (n\u1ebfu tr\u00e1m m\u1eb7t nhai) v\u00e0 \u0111\u00e1nh b\u00f3ng r\u0103ng \u1edf v\u1ecb tr\u00ed \u0111\u01b0\u1ee3c tr\u00e1m.<\/p>\n<p>\t\t\t\t<a href=\"\/nha-khoa-tong-quat\/nha-khoa-nhi-dong\/\" target=\"_self\"itemprop=\"url\"><br \/>\n\t\t\t\t<img loading=\"lazy\" decoding=\"async\" src=\"https:\/\/nhakhoathienbao.com\/wp-content\/uploads\/2017\/10\/Nha-Khoa-Thien-Bao-Dental-Clinic-Dental-For-Kids-04-1-300x289.png\" alt=\"Nha-Khoa-Thien-Bao-Dental-Clinic-Dental-For-Kids-04-1\" itemprop=\"image\" height=\"289\" width=\"300\"  \/><br \/>\n\t\t\t\t<\/a><\/p>\n<h3>\n\t\t<a href=\"\/nha-khoa-tong-quat\/nha-khoa-nhi-dong\/\" title=\"Nha Khoa Nhi \u0110\u1ed3ng\" target=\"_self\"><br \/>\n\t\tNha Khoa Nhi \u0110\u1ed3ng<br \/>\n\t\t<\/a><br \/>\n\t<\/h3>\n<p>\t\t\t\t<a href=\"\/nha-khoa-tham-my\/chinh-nha\/\" target=\"_self\"itemprop=\"url\"><br \/>\n\t\t\t\t<img loading=\"lazy\" decoding=\"async\" src=\"https:\/\/nhakhoathienbao.com\/wp-content\/uploads\/2017\/11\/Nha-Khoa-Thien-Bao-Clinic-Picture-Stream-08-300x289.png\" alt=\"Nha-Khoa-Thien-Bao-Clinic-Picture-Stream-08\" itemprop=\"image\" height=\"289\" width=\"300\"  \/><br \/>\n\t\t\t\t<\/a><\/p>\n<h3>\n\t\t<a href=\"\/nha-khoa-tham-my\/chinh-nha\/\" title=\"Ch\u1ec9nh Nha\" target=\"_self\"><br \/>\n\t\tCh\u1ec9nh Nha<br \/>\n\t\t<\/a><br \/>\n\t<\/h3>\n<p>\t\t\t\t<a href=\"\/nha-khoa-tham-my\/mat-dan-su-veneer\/\" target=\"_self\"itemprop=\"url\"><br \/>\n\t\t\t\t<img loading=\"lazy\" decoding=\"async\" src=\"https:\/\/nhakhoathienbao.com\/wp-content\/uploads\/2017\/11\/Nha-Khoa-Thien-Bao-Clinic-Picture-Stream-06-300x289.png\" alt=\"Nha-Khoa-Thien-Bao-Clinic-Picture-Stream-06\" itemprop=\"image\" height=\"289\" width=\"300\"  \/><br \/>\n\t\t\t\t<\/a><\/p>\n<h3>\n\t\t<a href=\"\/nha-khoa-tham-my\/mat-dan-su-veneer\/\" title=\"M\u1eb7t d\u00e1n s\u1ee9 Veneer\" target=\"_self\"><br \/>\n\t\tM\u1eb7t d\u00e1n s\u1ee9 Veneer<br \/>\n\t\t<\/a><br \/>\n\t<\/h3>\n<p>\t\t\t\t<a href=\"\/nha-khoa-tong-quat\/phau-thuat-rang-mieng\/\" target=\"_self\"itemprop=\"url\"><br \/>\n\t\t\t\t<img loading=\"lazy\" decoding=\"async\" src=\"https:\/\/nhakhoathienbao.com\/wp-content\/uploads\/2017\/11\/Nha-Khoa-Thien-Bao-Clinic-Picture-Stream-04-300x289.png\" alt=\"Nha-Khoa-Thien-Bao-Clinic-Picture-Stream-04\" itemprop=\"image\" height=\"289\" width=\"300\"  \/><br \/>\n\t\t\t\t<\/a><\/p>\n<h3>\n\t\t<a href=\"\/nha-khoa-tong-quat\/phau-thuat-rang-mieng\/\" title=\"Ph\u1eabu Thu\u1eadt R\u0103ng MI\u1ec7ng\" target=\"_self\"><br \/>\n\t\tPh\u1eabu Thu\u1eadt R\u0103ng MI\u1ec7ng<br \/>\n\t\t<\/a><br \/>\n\t<\/h3>\n<p><\/p>","protected":false},"excerpt":{"rendered":"<p>Tr\u00e1m R\u0103ng Th\u1ea9m M\u1ef9 \u0110\u1ec3 \u0111i\u1ec1u tr\u1ecb m\u1ed9t c\u00e1i r\u0103ng b\u1ecb s\u00e2u, Nha S\u0129 s\u1ebd l\u00e0m s\u1ea1ch r\u0103ng v\u00e0 l\u1ea5y \u0111i nh\u1eefng [&hellip;]<\/p>\n","protected":false},"author":2,"featured_media":0,"parent":476,"menu_order":0,"comment_status":"closed","ping_status":"closed","template":"page-templates\/page_fullwidth.php","meta":{"footnotes":""},"class_list":["post-537","page","type-page","status-publish","hentry"],"_links":{"self":[{"href":"https:\/\/nhakhoathienbao.com\/index.php?rest_route=\/wp\/v2\/pages\/537","targetHints":{"allow":["GET"]}}],"collection":[{"href":"https:\/\/nhakhoathienbao.com\/index.php?rest_route=\/wp\/v2\/pages"}],"about":[{"href":"https:\/\/nhakhoathienbao.com\/index.php?rest_route=\/wp\/v2\/types\/page"}],"author":[{"embeddable":true,"href":"https:\/\/nhakhoathienbao.com\/index.php?rest_route=\/wp\/v2\/users\/2"}],"replies":[{"embeddable":true,"href":"https:\/\/nhakhoathienbao.com\/index.php?rest_route=%2Fwp%2Fv2%2Fcomments&post=537"}],"version-history":[{"count":0,"href":"https:\/\/nhakhoathienbao.com\/index.php?rest_route=\/wp\/v2\/pages\/537\/revisions"}],"up":[{"embeddable":true,"href":"https:\/\/nhakhoathienbao.com\/index.php?rest_route=\/wp\/v2\/pages\/476"}],"wp:attachment":[{"href":"https:\/\/nhakhoathienbao.com\/index.php?rest_route=%2Fwp%2Fv2%2Fmedia&parent=537"}],"curies":[{"name":"wp","href":"https:\/\/api.w.org\/{rel}","templated":true}]}}