{"id":489,"date":"2017-10-21T21:42:50","date_gmt":"2017-10-21T14:42:50","guid":{"rendered":"https:\/\/modest-copper-lynx.50-6-231-22.cpanel.site\/?page_id=489"},"modified":"2017-12-07T23:57:46","modified_gmt":"2017-12-07T16:57:46","slug":"nha-khoa-tong-quat","status":"publish","type":"page","link":"https:\/\/nhakhoathienbao.com\/?page_id=489","title":{"rendered":"Nha Khoa T\u1ed5ng Qu\u00e1t"},"content":{"rendered":"<p>\t\t\t\t<a href=\"\/nha-khoa-tong-quat\/chua-tuy\/\" target=\"_self\"itemprop=\"url\"><br \/>\n\t\t\t\t<img loading=\"lazy\" decoding=\"async\" src=\"https:\/\/nhakhoathienbao.com\/wp-content\/uploads\/2017\/11\/Nha-Khoa-Thien-Bao-Clinic-Picture-Stream-05.png\" alt=\"Nha-Khoa-Thien-Bao-Clinic-Picture-Stream-05\" itemprop=\"image\" height=\"226\" width=\"235\"  \/><br \/>\n\t\t\t\t<\/a><\/p>\n<h3><a href=\"\/nha-khoa-tong-quat\/chua-tuy\/\" target=\"_self\">Ch\u1eefa Tu\u1ef7<\/a><\/h3>\n<p>Vi\u00eam t\u1ee7y th\u01b0\u1eddng b\u1eaft \u0111\u1ea7u t\u1eeb s\u00e2u r\u0103ng, s\u00e2u r\u0103ng g\u00e2y \u00ea bu\u1ed1t khi c\u00f3 n\u00f3ng, l\u1ea1nh, chua, ng\u1ecdt. N\u1ebfu trong giai \u0111o\u1ea1n n\u00e0y r\u0103ng s\u00e2u \u0111\u01b0\u1ee3c ch\u1eefa tr\u1ecb k\u1ecbp th\u1eddi th\u00ec s\u1ebd tr\u00e1nh \u0111\u01b0\u1ee3c b\u1ec7nh t\u1ee7y r\u0103ng. Ngo\u00e0i ra b\u1ec7nh t\u1ee7y r\u0103ng c\u00f2n c\u00f3 th\u1ec3 do c\u00e1c nguy\u00ean nh\u00e2n kh\u00e1c nh\u01b0 v\u1ee1 hay m\u1ebb r\u0103ng, do ch\u1ea5n th\u01b0\u01a1ng l\u00e0m<\/p>\n<p><a href=\"\/nha-khoa-tong-quat\/chua-tuy\/\" target=\"_self\">Chi ti\u1ebft<\/a><br \/>\n\t\t\t\t<a href=\"\/nha-khoa-tong-quat\/inlays-onlays\/\" target=\"_self\"itemprop=\"url\"><br \/>\n\t\t\t\t<img loading=\"lazy\" decoding=\"async\" src=\"https:\/\/nhakhoathienbao.com\/wp-content\/uploads\/2017\/11\/Nha-Khoa-Thien-Bao-Clinic-Picture-Stream-03-300x289.png\" alt=\"Nha-Khoa-Thien-Bao-Clinic-Picture-Stream-03\" itemprop=\"image\" height=\"289\" width=\"300\"  \/><br \/>\n\t\t\t\t<\/a><\/p>\n<h3><a href=\"\/nha-khoa-tong-quat\/inlays-onlays\/\" target=\"_self\">Inlays &#038; Onlays<\/a><\/h3>\n<p>Veneer-laminate l\u00e0 nh\u1eefng m\u1ea3nh s\u1ee9, Composite ho\u1eb7c nh\u1ef1a \u0111\u01b0\u1ee3c d\u00e1n l\u00ean m\u1eb7t ngo\u00e0i c\u1ee7a r\u0103ng \u0111\u1ec3 t\u00e1i t\u1ea1o l\u1ea1i h\u00ecnh d\u1ea1ng v\u00e0 m\u00e0u s\u1eafc c\u1ee7a r\u0103ng nh\u01b0 mong mu\u1ed1n<\/p>\n<p><a href=\"\/nha-khoa-tong-quat\/inlays-onlays\/\" target=\"_self\">Chi ti\u1ebft<\/a><br \/>\n\t\t\t\t<a href=\"\/nha-khoa-tong-quat\/nha-chu\/\" target=\"_self\"itemprop=\"url\"><br \/>\n\t\t\t\t<img loading=\"lazy\" decoding=\"async\" src=\"https:\/\/nhakhoathienbao.com\/wp-content\/uploads\/2017\/11\/Nha-Khoa-Thien-Bao-Clinic-Picture-Stream-01-300x289.png\" alt=\"Nha-Khoa-Thien-Bao-Clinic-Picture-Stream-01\" itemprop=\"image\" height=\"289\" width=\"300\"  \/><br \/>\n\t\t\t\t<\/a><\/p>\n<h3><a href=\"\/nha-khoa-tong-quat\/nha-chu\/\" target=\"_self\">Nha chu<\/a><\/h3>\n<p>B\u1ec7nh nha chu l\u00e0m ph\u00e1 h\u1ee7y c\u00e1c m\u00f4 n\u00e2ng \u0111\u1ee1 r\u0103ng, l\u00e0m ti\u00eau x\u01b0\u01a1ng \u1ed5 r\u0103ng, l\u1ec7ch r\u0103ng, lung lay r\u0103ng.<\/p>\n<p><a href=\"\/nha-khoa-tong-quat\/nha-chu\/\" target=\"_self\">Chi ti\u1ebft<\/a><br \/>\n\t\t\t\t<a href=\"\/nha-khoa-tong-quat\/phau-thuat-rang-mieng\/\" target=\"_self\"itemprop=\"url\"><br \/>\n\t\t\t\t<img loading=\"lazy\" decoding=\"async\" src=\"https:\/\/nhakhoathienbao.com\/wp-content\/uploads\/2017\/11\/Nha-Khoa-Thien-Bao-Clinic-Picture-Stream-04-300x289.png\" alt=\"Nha-Khoa-Thien-Bao-Clinic-Picture-Stream-04\" itemprop=\"image\" height=\"289\" width=\"300\"  \/><br \/>\n\t\t\t\t<\/a><\/p>\n<h3><a href=\"\/nha-khoa-tong-quat\/phau-thuat-rang-mieng\/\" target=\"_self\">Ph\u1eabu Thu\u1eadt R\u0103ng MI\u1ec7ng<\/a><\/h3>\n<p>Nh\u1ed5 r\u0103ng th\u00f4ng th\u01b0\u1eddng l\u00e0 m\u1ed9t thao t\u00e1c \u0111\u01a1n gi\u1ea3n, th\u01b0\u1eddng ch\u1ec9 l\u00e0m m\u1ed9t l\u1ea7n khi \u0111\u1ebfn kh\u00e1m B\u00e1c s\u1ef9. Sau khi nh\u1ed5 r\u0103ng, n\u01b0\u1edbu<\/p>\n<p><a href=\"\/nha-khoa-tong-quat\/phau-thuat-rang-mieng\/\" target=\"_self\">Chi ti\u1ebft<\/a><br \/>\n\t\t\t\t<a href=\"\/nha-khoa-tong-quat\/ham-thao-lap\/\" target=\"_self\"itemprop=\"url\"><br \/>\n\t\t\t\t<img loading=\"lazy\" decoding=\"async\" src=\"https:\/\/nhakhoathienbao.com\/wp-content\/uploads\/2017\/10\/Nha-Khoa-Thien-Bao-Dental-Clinic-Removal-Denture-05.jpg\" alt=\"Nha-Khoa-Thien-Bao-Dental-Clinic-Removal-Denture-05\" itemprop=\"image\" height=\"304\" width=\"300\"  \/><br \/>\n\t\t\t\t<\/a><\/p>\n<h3><a href=\"\/nha-khoa-tong-quat\/ham-thao-lap\/\" target=\"_self\">H\u00e0m Th\u00e1o L\u1eafp<\/a><\/h3>\n<p>G\u1ed3m c\u00f3 n\u1ec1n h\u00e0m \u0111\u1ec3 gi\u00fap h\u00e0m gi\u1ea3 b\u00e1m v\u00e0o ni\u00eam m\u1ea1c mi\u1ec7ng v\u00e0 c\u00e1c r\u0103ng b\u00ean c\u1ea1nh. C\u00e1c r\u0103ng gi\u1ea3 \u0111\u01b0\u1ee3c c\u1ea5y tr\u00ean n\u1ec1n h\u00e0m \u0111\u00f3. N\u1ec1n h\u00e0m c\u00f3 th\u1ec3 l\u00e0m t\u1eeb<\/p>\n<p><a href=\"\/nha-khoa-tong-quat\/ham-thao-lap\/\" target=\"_self\">Chi ti\u1ebft<\/a><br \/>\n\t\t\t\t<a href=\"\/nha-khoa-tong-quat\/nha-khoa-nhi-dong\/\" target=\"_self\"itemprop=\"url\"><br \/>\n\t\t\t\t<img loading=\"lazy\" decoding=\"async\" src=\"https:\/\/nhakhoathienbao.com\/wp-content\/uploads\/2017\/10\/dentistry-for-kids01-300x225.jpg\" alt=\"dentistry-for-kids01\" itemprop=\"image\" height=\"225\" width=\"300\"  \/><br \/>\n\t\t\t\t<\/a><\/p>\n<h3><a href=\"\/nha-khoa-tong-quat\/nha-khoa-nhi-dong\/\" target=\"_self\">Nha Khoa Nhi \u0110\u1ed3ng<\/a><\/h3>\n<p>Kh\u00f4ng th\u1ec3 tr\u1ea3 l\u1eddi ch\u00ednh x\u00e1c th\u1eddi \u0111i\u1ec3m chi\u1ebfc r\u0103ng \u0111\u1ea7u ti\u00ean c\u1ee7a tr\u1ebb xu\u1ea5t hi\u1ec7n, v\u00ec \u0111\u1ed1i v\u1edbi m\u1ed7i tr\u1ebb kho\u1ea3ng th\u1eddi gian m\u1ecdc r\u0103ng l\u1ea1i kh\u00e1c nhau.<\/p>\n<p><a href=\"\/nha-khoa-tong-quat\/nha-khoa-nhi-dong\/\" target=\"_self\">Chi ti\u1ebft<\/a>\t\t <\/p>\n<p><\/p>","protected":false},"excerpt":{"rendered":"<p>Ch\u1eefa Tu\u1ef7 Vi\u00eam t\u1ee7y th\u01b0\u1eddng b\u1eaft \u0111\u1ea7u t\u1eeb s\u00e2u r\u0103ng, s\u00e2u r\u0103ng g\u00e2y \u00ea bu\u1ed1t khi c\u00f3 n\u00f3ng, l\u1ea1nh, chua, ng\u1ecdt. N\u1ebfu [&hellip;]<\/p>\n","protected":false},"author":2,"featured_media":0,"parent":0,"menu_order":0,"comment_status":"closed","ping_status":"closed","template":"page-templates\/page_fullwidth.php","meta":{"footnotes":""},"class_list":["post-489","page","type-page","status-publish","hentry"],"_links":{"self":[{"href":"https:\/\/nhakhoathienbao.com\/index.php?rest_route=\/wp\/v2\/pages\/489","targetHints":{"allow":["GET"]}}],"collection":[{"href":"https:\/\/nhakhoathienbao.com\/index.php?rest_route=\/wp\/v2\/pages"}],"about":[{"href":"https:\/\/nhakhoathienbao.com\/index.php?rest_route=\/wp\/v2\/types\/page"}],"author":[{"embeddable":true,"href":"https:\/\/nhakhoathienbao.com\/index.php?rest_route=\/wp\/v2\/users\/2"}],"replies":[{"embeddable":true,"href":"https:\/\/nhakhoathienbao.com\/index.php?rest_route=%2Fwp%2Fv2%2Fcomments&post=489"}],"version-history":[{"count":0,"href":"https:\/\/nhakhoathienbao.com\/index.php?rest_route=\/wp\/v2\/pages\/489\/revisions"}],"wp:attachment":[{"href":"https:\/\/nhakhoathienbao.com\/index.php?rest_route=%2Fwp%2Fv2%2Fmedia&parent=489"}],"curies":[{"name":"wp","href":"https:\/\/api.w.org\/{rel}","templated":true}]}}